{"id":296,"date":"2024-04-11T10:43:08","date_gmt":"2024-04-11T13:43:08","guid":{"rendered":"https:\/\/amaiabrasil.com.br\/?page_id=296"},"modified":"2024-04-25T21:24:10","modified_gmt":"2024-04-26T00:24:10","slug":"a-industria","status":"publish","type":"page","link":"https:\/\/amaiabrasil.com.br\/?page_id=296","title":{"rendered":"A Ind\u00fastria"},"content":{"rendered":"\t\t<div data-elementor-type=\"wp-page\" data-elementor-id=\"296\" class=\"elementor elementor-296\" data-elementor-post-type=\"page\">\n\t\t\t\t<div class=\"elementor-element elementor-element-75420cde e-con-full e-flex e-con e-parent\" data-id=\"75420cde\" data-element_type=\"container\" data-settings=\"{&quot;background_background&quot;:&quot;classic&quot;}\">\n\t\t<div class=\"elementor-element elementor-element-1f52536c e-con-full e-flex e-con e-child\" data-id=\"1f52536c\" data-element_type=\"container\">\n\t\t\t\t<div class=\"elementor-element elementor-element-75920a6c elementor-invisible elementor-widget elementor-widget-heading\" data-id=\"75920a6c\" data-element_type=\"widget\" data-settings=\"{&quot;_animation&quot;:&quot;fadeInUp&quot;}\" data-widget_type=\"heading.default\">\n\t\t\t\t<div class=\"elementor-widget-container\">\n\t\t\t\t\t<h1 class=\"elementor-heading-title elementor-size-default\">A Ind\u00fastria<span style=\"color: #A59C87\">.<\/span><\/h1>\t\t\t\t<\/div>\n\t\t\t\t<\/div>\n\t\t\t\t<\/div>\n\t\t<div class=\"elementor-element elementor-element-3fdeafe e-con-full e-flex e-con e-child\" data-id=\"3fdeafe\" data-element_type=\"container\">\n\t\t\t\t<\/div>\n\t\t\t\t<\/div>\n\t\t<div class=\"elementor-element elementor-element-aace4c6 e-flex e-con-boxed e-con e-parent\" data-id=\"aace4c6\" data-element_type=\"container\">\n\t\t\t\t\t<div class=\"e-con-inner\">\n\t\t<div class=\"elementor-element elementor-element-4fc2b887 e-con-full e-flex e-con e-child\" data-id=\"4fc2b887\" data-element_type=\"container\" data-settings=\"{&quot;background_background&quot;:&quot;classic&quot;,&quot;background_motion_fx_motion_fx_scrolling&quot;:&quot;yes&quot;,&quot;background_motion_fx_scale_effect&quot;:&quot;yes&quot;,&quot;background_motion_fx_scale_direction&quot;:&quot;in-out&quot;,&quot;background_motion_fx_scale_speed&quot;:{&quot;unit&quot;:&quot;px&quot;,&quot;size&quot;:4,&quot;sizes&quot;:[]},&quot;background_motion_fx_scale_range&quot;:{&quot;unit&quot;:&quot;%&quot;,&quot;size&quot;:&quot;&quot;,&quot;sizes&quot;:{&quot;start&quot;:20,&quot;end&quot;:80}},&quot;background_motion_fx_devices&quot;:[&quot;desktop&quot;,&quot;tablet&quot;,&quot;mobile&quot;]}\">\n\t\t\t\t<\/div>\n\t\t<div class=\"elementor-element elementor-element-3fc9153a e-con-full e-flex e-con e-child\" data-id=\"3fc9153a\" data-element_type=\"container\" data-settings=\"{&quot;background_background&quot;:&quot;classic&quot;}\">\n\t\t\t\t<div class=\"elementor-element elementor-element-258c79c0 elementor-widget elementor-widget-text-editor\" data-id=\"258c79c0\" data-element_type=\"widget\" data-widget_type=\"text-editor.default\">\n\t\t\t\t<div class=\"elementor-widget-container\">\n\t\t\t\t\t\t\t\t\t<p>Fundada em 1982, a Massey Cal\u00e7ados \u00e9 uma s\u00f3lida refer\u00eancia no mercado de cal\u00e7ados, acumulando mais de 40 anos de excel\u00eancia e compromisso. Ao longo de sua trajet\u00f3ria, a empresa conquistou a confian\u00e7a dos clientes, sendo reconhecida pela qualidade que se tornou sua marca registrada.<\/p><p><span style=\"color: var( --e-global-color-046d718 ); letter-spacing: 0px; text-align: var(--text-align);\">A busca pela excel\u00eancia n\u00e3o \u00e9 apenas um objetivo, mas um compromisso enraizado no DNA da Massey. A empresa ostenta com orgulho o selo ouro da ABVTEX, s\u00edmbolo de sua dedica\u00e7\u00e3o \u00e0 transpar\u00eancia, \u00e9tica e padr\u00f5es elevados de produ\u00e7\u00e3o.<\/span><\/p>\t\t\t\t\t\t\t\t<\/div>\n\t\t\t\t<\/div>\n\t\t\t\t<\/div>\n\t\t\t\t\t<\/div>\n\t\t\t\t<\/div>\n\t\t<div class=\"elementor-element elementor-element-7c4a5cc e-flex e-con-boxed e-con e-parent\" data-id=\"7c4a5cc\" data-element_type=\"container\">\n\t\t\t\t\t<div class=\"e-con-inner\">\n\t\t<div class=\"elementor-element elementor-element-6a3059f e-con-full e-flex e-con e-child\" data-id=\"6a3059f\" data-element_type=\"container\" data-settings=\"{&quot;background_background&quot;:&quot;classic&quot;}\">\n\t\t\t\t<div class=\"elementor-element elementor-element-253b89c elementor-widget elementor-widget-text-editor\" data-id=\"253b89c\" data-element_type=\"widget\" data-widget_type=\"text-editor.default\">\n\t\t\t\t<div class=\"elementor-widget-container\">\n\t\t\t\t\t\t\t\t\t<p><span style=\"font-weight: 400;\">A ind\u00fastria Massey \u00e9 reconhecida por sua abordagem especializada em private label, atendendo grandes marcas e magazines. Sua produ\u00e7\u00e3o \u00e9 estrategicamente voltada para fornecer produtos exclusivos e de qualidade, consolidando-se como um parceiro crucial na cadeia de suprimentos dessas marcas renomadas.<\/span><\/p>\t\t\t\t\t\t\t\t<\/div>\n\t\t\t\t<\/div>\n\t\t\t\t<\/div>\n\t\t<div class=\"elementor-element elementor-element-e946502 e-con-full e-flex e-con e-child\" data-id=\"e946502\" data-element_type=\"container\" data-settings=\"{&quot;background_background&quot;:&quot;classic&quot;,&quot;background_motion_fx_motion_fx_scrolling&quot;:&quot;yes&quot;,&quot;background_motion_fx_scale_effect&quot;:&quot;yes&quot;,&quot;background_motion_fx_scale_direction&quot;:&quot;in-out&quot;,&quot;background_motion_fx_scale_speed&quot;:{&quot;unit&quot;:&quot;px&quot;,&quot;size&quot;:4,&quot;sizes&quot;:[]},&quot;background_motion_fx_scale_range&quot;:{&quot;unit&quot;:&quot;%&quot;,&quot;size&quot;:&quot;&quot;,&quot;sizes&quot;:{&quot;start&quot;:20,&quot;end&quot;:80}},&quot;background_motion_fx_devices&quot;:[&quot;desktop&quot;,&quot;tablet&quot;,&quot;mobile&quot;]}\">\n\t\t\t\t<\/div>\n\t\t\t\t\t<\/div>\n\t\t\t\t<\/div>\n\t\t\t\t<\/div>\n\t\t","protected":false},"excerpt":{"rendered":"<p>A Ind\u00fastria. Fundada em 1982, a Massey Cal\u00e7ados \u00e9 uma s\u00f3lida refer\u00eancia no mercado de cal\u00e7ados, acumulando mais de 40 anos de excel\u00eancia e compromisso. Ao longo de sua trajet\u00f3ria, a empresa conquistou a confian\u00e7a dos clientes, sendo reconhecida pela qualidade que se tornou sua marca registrada. A busca pela excel\u00eancia n\u00e3o \u00e9 apenas um [&hellip;]<\/p>\n","protected":false},"author":1,"featured_media":0,"parent":0,"menu_order":0,"comment_status":"closed","ping_status":"closed","template":"elementor_header_footer","meta":{"footnotes":""},"class_list":["post-296","page","type-page","status-publish","hentry"],"_links":{"self":[{"href":"https:\/\/amaiabrasil.com.br\/index.php?rest_route=\/wp\/v2\/pages\/296","targetHints":{"allow":["GET"]}}],"collection":[{"href":"https:\/\/amaiabrasil.com.br\/index.php?rest_route=\/wp\/v2\/pages"}],"about":[{"href":"https:\/\/amaiabrasil.com.br\/index.php?rest_route=\/wp\/v2\/types\/page"}],"author":[{"embeddable":true,"href":"https:\/\/amaiabrasil.com.br\/index.php?rest_route=\/wp\/v2\/users\/1"}],"replies":[{"embeddable":true,"href":"https:\/\/amaiabrasil.com.br\/index.php?rest_route=%2Fwp%2Fv2%2Fcomments&post=296"}],"version-history":[{"count":10,"href":"https:\/\/amaiabrasil.com.br\/index.php?rest_route=\/wp\/v2\/pages\/296\/revisions"}],"predecessor-version":[{"id":385,"href":"https:\/\/amaiabrasil.com.br\/index.php?rest_route=\/wp\/v2\/pages\/296\/revisions\/385"}],"wp:attachment":[{"href":"https:\/\/amaiabrasil.com.br\/index.php?rest_route=%2Fwp%2Fv2%2Fmedia&parent=296"}],"curies":[{"name":"wp","href":"https:\/\/api.w.org\/{rel}","templated":true}]}}